{"id":1090,"date":"2024-12-10T22:01:42","date_gmt":"2024-12-10T22:01:42","guid":{"rendered":"https:\/\/demo-websitedesigns.com\/carlos-mariac\/v2\/?page_id=1090"},"modified":"2024-12-10T22:04:02","modified_gmt":"2024-12-10T22:04:02","slug":"book","status":"publish","type":"page","link":"https:\/\/demo-websitedesigns.com\/carlos-mariac\/v2\/book\/","title":{"rendered":"Book"},"content":{"rendered":"\t\t<div data-elementor-type=\"wp-page\" data-elementor-id=\"1090\" class=\"elementor elementor-1090\" data-elementor-post-type=\"page\">\n\t\t\t\t\t\t<section class=\"elementor-section elementor-top-section elementor-element elementor-element-d55cd6b elementor-section-boxed elementor-section-height-default elementor-section-height-default\" data-id=\"d55cd6b\" data-element_type=\"section\" data-settings=\"{&quot;background_background&quot;:&quot;classic&quot;}\">\n\t\t\t\t\t\t\t<div class=\"elementor-background-overlay\"><\/div>\n\t\t\t\t\t\t\t<div class=\"elementor-container elementor-column-gap-no\">\n\t\t\t\t\t<div class=\"elementor-column elementor-col-100 elementor-top-column elementor-element elementor-element-979e8a1\" data-id=\"979e8a1\" data-element_type=\"column\">\n\t\t\t<div class=\"elementor-widget-wrap elementor-element-populated\">\n\t\t\t\t\t\t<div class=\"elementor-element elementor-element-6893d57 elementor-widget-divider--view-line elementor-widget elementor-widget-divider\" data-id=\"6893d57\" data-element_type=\"widget\" data-widget_type=\"divider.default\">\n\t\t\t\t<div class=\"elementor-widget-container\">\n\t\t\t\t\t<div class=\"elementor-divider\">\n\t\t\t<span class=\"elementor-divider-separator\">\n\t\t\t\t\t\t<\/span>\n\t\t<\/div>\n\t\t\t\t<\/div>\n\t\t\t\t<\/div>\n\t\t\t\t<div class=\"elementor-element elementor-element-e266111 elementor-icon-list--layout-inline elementor-align-center elementor-list-item-link-full_width elementor-widget elementor-widget-icon-list\" data-id=\"e266111\" data-element_type=\"widget\" data-widget_type=\"icon-list.default\">\n\t\t\t\t<div class=\"elementor-widget-container\">\n\t\t\t\t\t<ul class=\"elementor-icon-list-items elementor-inline-items\">\n\t\t\t\t\t\t\t<li class=\"elementor-icon-list-item elementor-inline-item\">\n\t\t\t\t\t\t\t\t\t\t\t<a href=\"https:\/\/demo-websitedesigns.com\/carlos-mariac\/v2\/\">\n\n\t\t\t\t\t\t\t\t\t\t\t<span class=\"elementor-icon-list-text\">Home<\/span>\n\t\t\t\t\t\t\t\t\t\t\t<\/a>\n\t\t\t\t\t\t\t\t\t<\/li>\n\t\t\t\t\t\t\t\t<li class=\"elementor-icon-list-item elementor-inline-item\">\n\t\t\t\t\t\t\t\t\t\t<span class=\"elementor-icon-list-text\">\/<\/span>\n\t\t\t\t\t\t\t\t\t<\/li>\n\t\t\t\t\t\t\t\t<li class=\"elementor-icon-list-item elementor-inline-item\">\n\t\t\t\t\t\t\t\t\t\t<span class=\"elementor-icon-list-text\"><\/span>\n\t\t\t\t\t\t\t\t\t<\/li>\n\t\t\t\t\t\t<\/ul>\n\t\t\t\t<\/div>\n\t\t\t\t<\/div>\n\t\t\t\t\t<\/div>\n\t\t<\/div>\n\t\t\t\t\t<\/div>\n\t\t<\/section>\n\t\t\t\t<section class=\"elementor-section elementor-top-section elementor-element elementor-element-108a4882 elementor-section-boxed elementor-section-height-default elementor-section-height-default\" data-id=\"108a4882\" data-element_type=\"section\">\n\t\t\t\t\t\t<div class=\"elementor-container elementor-column-gap-default\">\n\t\t\t\t\t<div class=\"elementor-column elementor-col-100 elementor-top-column elementor-element elementor-element-467d3e59\" data-id=\"467d3e59\" data-element_type=\"column\" data-settings=\"{&quot;background_background&quot;:&quot;classic&quot;}\">\n\t\t\t<div class=\"elementor-widget-wrap elementor-element-populated\">\n\t\t\t\t\t\t<section class=\"elementor-section elementor-inner-section elementor-element elementor-element-2d6094ea elementor-section-content-middle elementor-section-full_width elementor-section-height-default elementor-section-height-default\" data-id=\"2d6094ea\" data-element_type=\"section\">\n\t\t\t\t\t\t<div class=\"elementor-container elementor-column-gap-default\">\n\t\t\t\t\t<div class=\"elementor-column elementor-col-50 elementor-inner-column elementor-element elementor-element-3688d9e3\" data-id=\"3688d9e3\" data-element_type=\"column\" data-settings=\"{&quot;background_background&quot;:&quot;classic&quot;}\">\n\t\t\t<div class=\"elementor-widget-wrap elementor-element-populated\">\n\t\t\t\t\t<div class=\"elementor-background-overlay\"><\/div>\n\t\t\t\t\t\t<div class=\"elementor-element elementor-element-337ceead elementor-widget elementor-widget-image\" data-id=\"337ceead\" data-element_type=\"widget\" data-widget_type=\"image.default\">\n\t\t\t\t<div class=\"elementor-widget-container\">\n\t\t\t\t\t\t\t\t\t\t\t\t\t<img fetchpriority=\"high\" decoding=\"async\" width=\"982\" height=\"1347\" src=\"https:\/\/demo-websitedesigns.com\/carlos-mariac\/v2\/wp-content\/uploads\/2024\/11\/book-mockup-4-1.png\" class=\"attachment-full size-full wp-image-999\" alt=\"\" srcset=\"https:\/\/demo-websitedesigns.com\/carlos-mariac\/v2\/wp-content\/uploads\/2024\/11\/book-mockup-4-1.png 982w, https:\/\/demo-websitedesigns.com\/carlos-mariac\/v2\/wp-content\/uploads\/2024\/11\/book-mockup-4-1-219x300.png 219w, https:\/\/demo-websitedesigns.com\/carlos-mariac\/v2\/wp-content\/uploads\/2024\/11\/book-mockup-4-1-747x1024.png 747w, https:\/\/demo-websitedesigns.com\/carlos-mariac\/v2\/wp-content\/uploads\/2024\/11\/book-mockup-4-1-768x1053.png 768w\" sizes=\"(max-width: 982px) 100vw, 982px\" \/>\t\t\t\t\t\t\t\t\t\t\t\t\t<\/div>\n\t\t\t\t<\/div>\n\t\t\t\t\t<\/div>\n\t\t<\/div>\n\t\t\t\t<div class=\"elementor-column elementor-col-50 elementor-inner-column elementor-element elementor-element-538cff05\" data-id=\"538cff05\" data-element_type=\"column\" data-settings=\"{&quot;background_background&quot;:&quot;classic&quot;}\">\n\t\t\t<div class=\"elementor-widget-wrap elementor-element-populated\">\n\t\t\t\t\t\t<div class=\"elementor-element elementor-element-4aec4e1f elementor-invisible elementor-widget elementor-widget-heading\" data-id=\"4aec4e1f\" data-element_type=\"widget\" data-settings=\"{&quot;_animation&quot;:&quot;zoomIn&quot;}\" data-widget_type=\"heading.default\">\n\t\t\t\t<div class=\"elementor-widget-container\">\n\t\t\t<h2 class=\"elementor-heading-title elementor-size-default\">About The Book<\/h2>\t\t<\/div>\n\t\t\t\t<\/div>\n\t\t\t\t<div class=\"elementor-element elementor-element-3c7471b3 elementor-widget elementor-widget-heading\" data-id=\"3c7471b3\" data-element_type=\"widget\" data-widget_type=\"heading.default\">\n\t\t\t\t<div class=\"elementor-widget-container\">\n\t\t\t<h2 class=\"elementor-heading-title elementor-size-default\">TEOLOG\u00cdA\nPROPIA<\/h2>\t\t<\/div>\n\t\t\t\t<\/div>\n\t\t\t\t<div class=\"elementor-element elementor-element-5eecb93a elementor-invisible elementor-widget elementor-widget-heading\" data-id=\"5eecb93a\" data-element_type=\"widget\" data-settings=\"{&quot;_animation&quot;:&quot;zoomIn&quot;}\" data-widget_type=\"heading.default\">\n\t\t\t\t<div class=\"elementor-widget-container\">\n\t\t\t<h2 class=\"elementor-heading-title elementor-size-default\">Un enfoque sobre la Revelaci\u00f3n y el Ser de Dios<\/h2>\t\t<\/div>\n\t\t\t\t<\/div>\n\t\t\t\t<div class=\"elementor-element elementor-element-628d1f34 elementor-widget-divider--view-line elementor-widget elementor-widget-divider\" data-id=\"628d1f34\" data-element_type=\"widget\" data-widget_type=\"divider.default\">\n\t\t\t\t<div class=\"elementor-widget-container\">\n\t\t\t\t\t<div class=\"elementor-divider\">\n\t\t\t<span class=\"elementor-divider-separator\">\n\t\t\t\t\t\t<\/span>\n\t\t<\/div>\n\t\t\t\t<\/div>\n\t\t\t\t<\/div>\n\t\t\t\t<div class=\"elementor-element elementor-element-3159fdca elementor-widget elementor-widget-text-editor\" data-id=\"3159fdca\" data-element_type=\"widget\" data-widget_type=\"text-editor.default\">\n\t\t\t\t<div class=\"elementor-widget-container\">\n\t\t\t\t\t\t\t<p>&#8220;Teolog\u00eda Propia&#8221; es un emocionante viaje que explora la relaci\u00f3n entre Dios y la humanidad a trav\u00e9s de diversas formas de revelaci\u00f3n. Este libro se centra en comprender c\u00f3mo Dios elige manifestarse, examinando detenidamente las Escrituras como la revelaci\u00f3n especial, mostrando verdades esenciales sobre la naturaleza divina.<\/p>\t\t\t\t\t\t<\/div>\n\t\t\t\t<\/div>\n\t\t\t\t<div class=\"elementor-element elementor-element-467c8704 elementor-align-left elementor-mobile-align-center elementor-invisible elementor-widget elementor-widget-button\" data-id=\"467c8704\" data-element_type=\"widget\" data-settings=\"{&quot;_animation&quot;:&quot;bounceIn&quot;}\" data-widget_type=\"button.default\">\n\t\t\t\t<div class=\"elementor-widget-container\">\n\t\t\t\t\t\t\t<div class=\"elementor-button-wrapper\">\n\t\t\t\t\t<a class=\"elementor-button elementor-button-link elementor-size-sm elementor-animation-grow\" href=\"#\">\n\t\t\t\t\t\t<span class=\"elementor-button-content-wrapper\">\n\t\t\t\t\t\t\t\t\t<span class=\"elementor-button-text\">Buy Now<\/span>\n\t\t\t\t\t<\/span>\n\t\t\t\t\t<\/a>\n\t\t\t\t<\/div>\n\t\t\t\t\t\t<\/div>\n\t\t\t\t<\/div>\n\t\t\t\t\t<\/div>\n\t\t<\/div>\n\t\t\t\t\t<\/div>\n\t\t<\/section>\n\t\t\t\t\t<\/div>\n\t\t<\/div>\n\t\t\t\t\t<\/div>\n\t\t<\/section>\n\t\t\t\t<\/div>\n\t\t","protected":false},"excerpt":{"rendered":"<p>Home \/ About The Book TEOLOG\u00cdA PROPIA Un enfoque sobre la Revelaci\u00f3n y el Ser de Dios &#8220;Teolog\u00eda Propia&#8221; es un emocionante viaje que explora la relaci\u00f3n entre Dios y la humanidad a trav\u00e9s de diversas formas de revelaci\u00f3n. Este libro se centra en comprender c\u00f3mo Dios elige manifestarse, examinando detenidamente las Escrituras como la [&hellip;]<\/p>\n","protected":false},"author":1,"featured_media":0,"parent":0,"menu_order":0,"comment_status":"closed","ping_status":"closed","template":"","meta":{"footnotes":""},"class_list":["post-1090","page","type-page","status-publish","hentry"],"_links":{"self":[{"href":"https:\/\/demo-websitedesigns.com\/carlos-mariac\/v2\/wp-json\/wp\/v2\/pages\/1090","targetHints":{"allow":["GET"]}}],"collection":[{"href":"https:\/\/demo-websitedesigns.com\/carlos-mariac\/v2\/wp-json\/wp\/v2\/pages"}],"about":[{"href":"https:\/\/demo-websitedesigns.com\/carlos-mariac\/v2\/wp-json\/wp\/v2\/types\/page"}],"author":[{"embeddable":true,"href":"https:\/\/demo-websitedesigns.com\/carlos-mariac\/v2\/wp-json\/wp\/v2\/users\/1"}],"replies":[{"embeddable":true,"href":"https:\/\/demo-websitedesigns.com\/carlos-mariac\/v2\/wp-json\/wp\/v2\/comments?post=1090"}],"version-history":[{"count":4,"href":"https:\/\/demo-websitedesigns.com\/carlos-mariac\/v2\/wp-json\/wp\/v2\/pages\/1090\/revisions"}],"predecessor-version":[{"id":1098,"href":"https:\/\/demo-websitedesigns.com\/carlos-mariac\/v2\/wp-json\/wp\/v2\/pages\/1090\/revisions\/1098"}],"wp:attachment":[{"href":"https:\/\/demo-websitedesigns.com\/carlos-mariac\/v2\/wp-json\/wp\/v2\/media?parent=1090"}],"curies":[{"name":"wp","href":"https:\/\/api.w.org\/{rel}","templated":true}]}}